{"id":853,"date":"2023-01-24T14:57:36","date_gmt":"2023-01-24T13:57:36","guid":{"rendered":"https:\/\/dev.everpress.everapps.dev\/impressum\/"},"modified":"2024-10-30T11:45:54","modified_gmt":"2024-10-30T10:45:54","slug":"impressum","status":"publish","type":"page","link":"\/sale\/impressum\/","title":{"rendered":"Impressum"},"content":{"rendered":"<div class=\"ep-content-dynamic  bg-dark space \"><div class=\"row   default-start default-top\"><div class=\"col \"><div class=\"row\">\n<div class=\"col\">\n<h1>Impressum <span>Sischo M\u00f6bel Siegfried Schott Inh. Siegfried Schott<\/span><\/h1>\n<\/div>\n<div class=\"col large-6\">\n<dl>\n<dt>Unternehmensname:<\/dt>\n<dd>SISCHO M\u00f6bel Inh. Siegfried Schott<\/dd>\n<dt>Adresse:<\/dt>\n<dd>Eugen-Gerstenmaier-Stra\u00dfe 2, 32339 Espelkamp &#8211; Deutschland<\/dd>\n<dt>Telefon:<\/dt>\n<dd><a href=\"tel:+495772\u20139797117\" class=\" phone\" title=\"Sischo M\u00f6bel Siegfried Schott Inh. Siegfried Schott in 32339 Espelkamp anrufen\">05772\u2013979 71 17<\/a><\/dd>\n<dt>E-Mail:<\/dt>\n<dd><a href=\"\/sale\" class=\" escape email\" title=\"E-Mail an Sischo M\u00f6bel Siegfried Schott Inh. Siegfried Schott at 32339 Espelkamp senden\" data-email='{\"name\":\"info\",\"host\":\"sischo24.de\"}'>info<span class=\"escape\">&part;<\/span>sischo24.de<\/a><\/dd>\n<dt>Internetadresse:<\/dt>\n<dd><a href=\"\/sale\" title=\"Webseite\">\/sale<\/a><\/dd>\n<\/dl><\/div>\n<div class=\"col large-6\">\n<dl>\n<dt>\n\t\t\t\tInhaber:\t\t\t<\/dt>\n<dd>Siegfried Schott<\/dd>\n<dt>Rechtsform:<\/dt>\n<dd>Einzelunternehmen<\/dd>\n<dt>Umsatzsteuer ID:<\/dt>\n<dd>DE 252 512 268<\/dd>\n<dt>Zugeh\u00f6rige Kammer:<\/dt>\n<dd>Industrie- und Handelskammer Ostwestfalen zu Bielefeld<\/dd>\n<\/dl><\/div>\n<div class=\"col\">\n<h2 class=\"h4\">Alternative Streitbeilegung gem\u00e4\u00df Art. 14 Abs. 1 ODR-VO und \u00a7 36 VSBG<\/h2>\n<p>Online-Streitbeilegung gem\u00e4\u00df Art. 14 Abs. 1 ODR-VO: Die Europ\u00e4ische Kommission stellt eine Plattform zur Online-Streitbeilegung (OS) bereit, die Sie hier finden: <a target=\"_blank\" href=\"http:\/\/ec.europa.eu\/consumers\/odr\/\" title=\"Online-Streitbeilegung\" rel=\"nofollow\">http:\/\/ec.europa.eu\/consumers\/odr\/<\/a>. Dar\u00fcber hinaus nimmt unser Betrieb an einem Verbraucherstreitigkeitsverfahren nicht teil.<\/p>\n<p>Bitte beachten Sie auch unsere <a href=\"\/sale\/datenschutzerklaerung\/\" title=\"Datenschutzerkl\u00e4rung SISCHO M\u00f6bel Inh. Siegfried Schott\">Datenschutzerkl\u00e4rung<\/a>.<\/p>\n<\/div>\n<\/div>\n<\/div><\/div><\/div>","protected":false},"excerpt":{"rendered":"","protected":false},"author":1,"featured_media":0,"parent":0,"menu_order":0,"comment_status":"closed","ping_status":"closed","template":"","meta":{"_acf_changed":false,"footnotes":""},"class_list":["post-853","page","type-page","status-publish","hentry"],"acf":[],"_links":{"self":[{"href":"\/sale\/wp-json\/wp\/v2\/pages\/853"}],"collection":[{"href":"\/sale\/wp-json\/wp\/v2\/pages"}],"about":[{"href":"\/sale\/wp-json\/wp\/v2\/types\/page"}],"author":[{"embeddable":true,"href":"\/sale\/wp-json\/wp\/v2\/users\/1"}],"replies":[{"embeddable":true,"href":"\/sale\/wp-json\/wp\/v2\/comments?post=853"}],"version-history":[{"count":1,"href":"\/sale\/wp-json\/wp\/v2\/pages\/853\/revisions"}],"predecessor-version":[{"id":6140,"href":"\/sale\/wp-json\/wp\/v2\/pages\/853\/revisions\/6140"}],"wp:attachment":[{"href":"\/sale\/wp-json\/wp\/v2\/media?parent=853"}],"curies":[{"name":"wp","href":"https:\/\/api.w.org\/{rel}","templated":true}]}}